{"id":32,"date":"2026-01-14T15:59:04","date_gmt":"2026-01-14T15:59:04","guid":{"rendered":"https:\/\/garnier-industries.com\/?page_id=32"},"modified":"2026-01-28T15:18:47","modified_gmt":"2026-01-28T15:18:47","slug":"accueil","status":"publish","type":"page","link":"https:\/\/garnier-industries.com\/","title":{"rendered":"ACCUEIL"},"content":{"rendered":"\n<div class=\"wp-block-group alignfull has-global-padding is-layout-constrained wp-block-group-is-layout-constrained\" style=\"margin-top:0;margin-bottom:0;padding-top:var(--wp--preset--spacing--50);padding-bottom:var(--wp--preset--spacing--50)\">\n<div class=\"wp-block-columns alignwide is-layout-flex wp-container-core-columns-is-layout-47c06fe3 wp-block-columns-is-layout-flex\">\n<div class=\"wp-block-column is-layout-flow wp-block-column-is-layout-flow\" style=\"flex-basis:56%\">\n<figure class=\"wp-block-image size-full is-resized\"><a href=\"https:\/\/garnier-industries.com\/index.php\/decoupe-laser\/\"><img loading=\"lazy\" decoding=\"async\" width=\"1772\" height=\"1329\" src=\"http:\/\/garnier-industries.com\/wp-content\/uploads\/2026\/01\/LS5tete-3.jpg\" alt=\"\" class=\"wp-image-30\" style=\"aspect-ratio:1;object-fit:cover;width:588px;height:auto\" srcset=\"https:\/\/garnier-industries.com\/wp-content\/uploads\/2026\/01\/LS5tete-3.jpg 1772w, https:\/\/garnier-industries.com\/wp-content\/uploads\/2026\/01\/LS5tete-3-300x225.jpg 300w, https:\/\/garnier-industries.com\/wp-content\/uploads\/2026\/01\/LS5tete-3-1024x768.jpg 1024w, https:\/\/garnier-industries.com\/wp-content\/uploads\/2026\/01\/LS5tete-3-768x576.jpg 768w, https:\/\/garnier-industries.com\/wp-content\/uploads\/2026\/01\/LS5tete-3-1536x1152.jpg 1536w\" sizes=\"auto, (max-width: 1772px) 100vw, 1772px\" \/><\/a><\/figure>\n<\/div>\n\n\n\n<div class=\"wp-block-column is-vertically-aligned-center is-layout-flow wp-container-core-column-is-layout-119bc444 wp-block-column-is-layout-flow\">\n<p><\/p>\n\n\n\n<p><mark style=\"background-color:rgba(0, 0, 0, 0)\" class=\"has-inline-color has-contrast-color\">LES PROFESSIONNELS QUALIFIES<br><\/mark><mark style=\"background-color:rgba(0, 0, 0, 0)\" class=\"has-inline-color has-accent-3-color\">DE LA DECOUPE LASER, <\/mark><\/p>\n\n\n\n<p><mark style=\"background-color:#FFFFFF\" class=\"has-inline-color has-contrast-color\">DE LA TOLERIE<br>ET DE LA CHAUDRONNERIE EN SAVOIE<\/mark><\/p>\n\n\n\n<div class=\"wp-block-buttons is-layout-flex wp-block-buttons-is-layout-flex\">\n<div class=\"wp-block-button\"><a class=\"wp-block-button__link wp-element-button\" href=\"https:\/\/garnier-industries.com\/index.php\/chaudronnerie\/\">D\u00e9couvrir<\/a><\/div>\n<\/div>\n<\/div>\n<\/div>\n<\/div>\n\n\n\n<div class=\"wp-block-group alignfull has-global-padding is-layout-constrained wp-block-group-is-layout-constrained\" style=\"margin-top:0;margin-bottom:0;padding-top:var(--wp--preset--spacing--50);padding-bottom:var(--wp--preset--spacing--50)\">\n<div class=\"wp-block-group alignwide is-layout-grid wp-container-core-group-is-layout-840b37f5 wp-block-group-is-layout-grid\">\n<div class=\"wp-block-group is-vertical is-layout-flex wp-container-core-group-is-layout-d6b9ab57 wp-block-group-is-layout-flex\">\n<h2 class=\"wp-block-heading has-x-large-font-size\">Activit\u00e9s principales<\/h2>\n<\/div>\n\n\n\n<div class=\"wp-block-group is-vertical is-content-justification-stretch is-layout-flex wp-container-core-group-is-layout-353c4f5a wp-block-group-is-layout-flex\">\n<div class=\"wp-block-cover\" style=\"min-height:245px;aspect-ratio:unset;\"><img loading=\"lazy\" decoding=\"async\" width=\"923\" height=\"561\" class=\"wp-block-cover__image-background wp-image-33 size-full\" alt=\"\" src=\"https:\/\/garnier-industries.com\/wp-content\/uploads\/2026\/01\/LT360_Format_23.webp\" data-object-fit=\"cover\" srcset=\"https:\/\/garnier-industries.com\/wp-content\/uploads\/2026\/01\/LT360_Format_23.webp 923w, https:\/\/garnier-industries.com\/wp-content\/uploads\/2026\/01\/LT360_Format_23-300x182.webp 300w, https:\/\/garnier-industries.com\/wp-content\/uploads\/2026\/01\/LT360_Format_23-768x467.webp 768w\" sizes=\"auto, (max-width: 923px) 100vw, 923px\" \/><span aria-hidden=\"true\" class=\"wp-block-cover__background has-background-dim-0 has-background-dim\" style=\"background-color:#817f7e\"><\/span><div class=\"wp-block-cover__inner-container has-global-padding is-layout-constrained wp-block-cover-is-layout-constrained\">\n<div style=\"height:var(--wp--preset--spacing--20)\" aria-hidden=\"true\" class=\"wp-block-spacer\"><\/div>\n<\/div><\/div>\n\n\n\n<p class=\"has-text-align-center\"><a href=\"https:\/\/garnier-industries.com\/index.php\/decoupe-laser\/\">DECOUPE LASER<\/a><\/p>\n<\/div>\n\n\n\n<div class=\"wp-block-group is-vertical is-content-justification-stretch is-layout-flex wp-container-core-group-is-layout-353c4f5a wp-block-group-is-layout-flex\">\n<div class=\"wp-block-cover is-light\" style=\"min-height:347px;aspect-ratio:unset;\"><img loading=\"lazy\" decoding=\"async\" width=\"720\" height=\"960\" class=\"wp-block-cover__image-background wp-image-36 size-full\" alt=\"\" src=\"http:\/\/garnier-industries.com\/wp-content\/uploads\/2026\/01\/Goulotte-inox-polie-miroir.jpg\" data-object-fit=\"cover\" srcset=\"https:\/\/garnier-industries.com\/wp-content\/uploads\/2026\/01\/Goulotte-inox-polie-miroir.jpg 720w, https:\/\/garnier-industries.com\/wp-content\/uploads\/2026\/01\/Goulotte-inox-polie-miroir-225x300.jpg 225w\" sizes=\"auto, (max-width: 720px) 100vw, 720px\" \/><span aria-hidden=\"true\" class=\"wp-block-cover__background has-background-dim-0 has-background-dim\" style=\"background-color:#828282\"><\/span><div class=\"wp-block-cover__inner-container has-global-padding is-layout-constrained wp-block-cover-is-layout-constrained\">\n<div style=\"height:var(--wp--preset--spacing--20)\" aria-hidden=\"true\" class=\"wp-block-spacer\"><\/div>\n<\/div><\/div>\n\n\n\n<p class=\"has-text-align-center\"><a href=\"https:\/\/garnier-industries.com\/index.php\/tolerie\/\">TOLERIE<\/a><\/p>\n<\/div>\n\n\n\n<div class=\"wp-block-group is-vertical is-content-justification-stretch is-layout-flex wp-container-core-group-is-layout-353c4f5a wp-block-group-is-layout-flex\">\n<div class=\"wp-block-cover is-light\" style=\"min-height:443px;aspect-ratio:unset;\"><img loading=\"lazy\" decoding=\"async\" width=\"1024\" height=\"768\" class=\"wp-block-cover__image-background wp-image-35 size-large\" alt=\"\" src=\"http:\/\/garnier-industries.com\/wp-content\/uploads\/2026\/01\/Chassis-et-tolerie-de-machine-1024x768.jpg\" data-object-fit=\"cover\" srcset=\"https:\/\/garnier-industries.com\/wp-content\/uploads\/2026\/01\/Chassis-et-tolerie-de-machine-1024x768.jpg 1024w, https:\/\/garnier-industries.com\/wp-content\/uploads\/2026\/01\/Chassis-et-tolerie-de-machine-300x225.jpg 300w, https:\/\/garnier-industries.com\/wp-content\/uploads\/2026\/01\/Chassis-et-tolerie-de-machine-768x576.jpg 768w, https:\/\/garnier-industries.com\/wp-content\/uploads\/2026\/01\/Chassis-et-tolerie-de-machine-1536x1152.jpg 1536w\" sizes=\"auto, (max-width: 1024px) 100vw, 1024px\" \/><span aria-hidden=\"true\" class=\"wp-block-cover__background has-background-dim-0 has-background-dim\" style=\"background-color:#d6bc98\"><\/span><div class=\"wp-block-cover__inner-container has-global-padding is-layout-constrained wp-block-cover-is-layout-constrained\">\n<div style=\"height:var(--wp--preset--spacing--20)\" aria-hidden=\"true\" class=\"wp-block-spacer\"><\/div>\n<\/div><\/div>\n\n\n\n<p class=\"has-text-align-center\"><a href=\"https:\/\/garnier-industries.com\/index.php\/chaudronnerie\/\">CHAUDRONNERIE<\/a><\/p>\n<\/div>\n<\/div>\n<\/div>\n\n\n\n<div class=\"wp-block-media-text alignwide is-stacked-on-mobile\" style=\"grid-template-columns:55% auto\"><figure class=\"wp-block-media-text__media\"><a href=\"https:\/\/garnier-industries.com\/index.php\/a-propos\/\"><img loading=\"lazy\" decoding=\"async\" width=\"968\" height=\"726\" src=\"https:\/\/garnier-industries.com\/wp-content\/uploads\/2026\/01\/facade.jpg\" alt=\"\" class=\"wp-image-37 size-full\" srcset=\"https:\/\/garnier-industries.com\/wp-content\/uploads\/2026\/01\/facade.jpg 968w, https:\/\/garnier-industries.com\/wp-content\/uploads\/2026\/01\/facade-300x225.jpg 300w, https:\/\/garnier-industries.com\/wp-content\/uploads\/2026\/01\/facade-768x576.jpg 768w\" sizes=\"auto, (max-width: 968px) 100vw, 968px\" \/><\/a><\/figure><div class=\"wp-block-media-text__content\">\n<p><strong>QUI SOMMES NOUS<\/strong><\/p>\n\n\n\n<p>La soci\u00e9t\u00e9 Garnier est une entreprise familiale cr\u00e9\u00e9e en 1969 et install\u00e9e sur la commune d&rsquo;Entrelacs pr\u00e8s de Chamb\u00e9ry dans le d\u00e9partement de la Savoie (73). Nous mettons toute cette exp\u00e9rience au service de la chaudronnerie avec notamment des r\u00e9alisations de b\u00e2tis de machines, tous types de ch\u00e2ssis m\u00e9cano-soud\u00e9s et de la t\u00f4lerie associ\u00e9e.<\/p>\n\n\n\n<p>Nous travaillons principalement les aciers, aciers inoxydables et aluminium.<\/p>\n<\/div><\/div>\n\n\n\n<div class=\"wp-block-media-text alignwide has-media-on-the-right is-stacked-on-mobile\" style=\"grid-template-columns:auto 28%\"><div class=\"wp-block-media-text__content\">\n<p><strong>NOS MOYENS<\/strong><\/p>\n\n\n\n<p>Au sein de la soci\u00e9t\u00e9 Garnier \u00e0 Entrelacs, nous attachons une grande importance \u00e0 la pr\u00e9cision et \u00e0 la qualit\u00e9 des travaux que nous effectuons. <\/p>\n\n\n\n<p>C&rsquo;est pourquoi, nous disposons de mat\u00e9riel de pointe mais \u00e9galement d&rsquo;une \u00e9quipe de professionnels avec de fortes comp\u00e9tences en chaudronnerie.<\/p>\n<\/div><figure class=\"wp-block-media-text__media\"><a href=\"https:\/\/garnier-industries.com\/index.php\/nos-moyens\/\"><img loading=\"lazy\" decoding=\"async\" width=\"720\" height=\"960\" src=\"https:\/\/garnier-industries.com\/wp-content\/uploads\/2026\/01\/Laser-tube-LT7-BLM.jpg\" alt=\"\" class=\"wp-image-38 size-full\" srcset=\"https:\/\/garnier-industries.com\/wp-content\/uploads\/2026\/01\/Laser-tube-LT7-BLM.jpg 720w, https:\/\/garnier-industries.com\/wp-content\/uploads\/2026\/01\/Laser-tube-LT7-BLM-225x300.jpg 225w\" sizes=\"auto, (max-width: 720px) 100vw, 720px\" \/><\/a><\/figure><\/div>\n","protected":false},"excerpt":{"rendered":"<p>LES PROFESSIONNELS QUALIFIESDE LA DECOUPE LASER, DE LA TOLERIEET DE LA CHAUDRONNERIE EN SAVOIE Activit\u00e9s principales DECOUPE LASER TOLERIE CHAUDRONNERIE QUI SOMMES NOUS La soci\u00e9t\u00e9 Garnier est une entreprise familiale cr\u00e9\u00e9e en 1969 et install\u00e9e sur la commune d&rsquo;Entrelacs pr\u00e8s de Chamb\u00e9ry dans le d\u00e9partement de la Savoie (73). Nous mettons toute cette exp\u00e9rience au [&hellip;]<\/p>\n","protected":false},"author":1,"featured_media":0,"parent":0,"menu_order":1,"comment_status":"closed","ping_status":"closed","template":"","meta":{"footnotes":""},"class_list":["post-32","page","type-page","status-publish","hentry"],"_links":{"self":[{"href":"https:\/\/garnier-industries.com\/index.php\/wp-json\/wp\/v2\/pages\/32","targetHints":{"allow":["GET"]}}],"collection":[{"href":"https:\/\/garnier-industries.com\/index.php\/wp-json\/wp\/v2\/pages"}],"about":[{"href":"https:\/\/garnier-industries.com\/index.php\/wp-json\/wp\/v2\/types\/page"}],"author":[{"embeddable":true,"href":"https:\/\/garnier-industries.com\/index.php\/wp-json\/wp\/v2\/users\/1"}],"replies":[{"embeddable":true,"href":"https:\/\/garnier-industries.com\/index.php\/wp-json\/wp\/v2\/comments?post=32"}],"version-history":[{"count":7,"href":"https:\/\/garnier-industries.com\/index.php\/wp-json\/wp\/v2\/pages\/32\/revisions"}],"predecessor-version":[{"id":162,"href":"https:\/\/garnier-industries.com\/index.php\/wp-json\/wp\/v2\/pages\/32\/revisions\/162"}],"wp:attachment":[{"href":"https:\/\/garnier-industries.com\/index.php\/wp-json\/wp\/v2\/media?parent=32"}],"curies":[{"name":"wp","href":"https:\/\/api.w.org\/{rel}","templated":true}]}}