{"id":54,"date":"2026-01-21T16:18:25","date_gmt":"2026-01-21T16:18:25","guid":{"rendered":"https:\/\/garnier-industries.com\/?page_id=54"},"modified":"2026-01-28T17:19:55","modified_gmt":"2026-01-28T17:19:55","slug":"tolerie","status":"publish","type":"page","link":"https:\/\/garnier-industries.com\/index.php\/tolerie\/","title":{"rendered":"TOLERIE"},"content":{"rendered":"\n<div class=\"wp-block-group alignfull has-global-padding is-layout-constrained wp-container-core-group-is-layout-0c9c989a wp-block-group-is-layout-constrained\" style=\"min-height:0vh;margin-top:0;margin-bottom:0;padding-top:var(--wp--preset--spacing--70);padding-right:var(--wp--preset--spacing--40);padding-bottom:var(--wp--preset--spacing--70);padding-left:var(--wp--preset--spacing--40)\">\n<div class=\"wp-block-group has-global-padding is-layout-constrained wp-container-core-group-is-layout-346627ba wp-block-group-is-layout-constrained\">\n<h2 class=\"wp-block-heading has-text-align-center has-xx-large-font-size\" style=\"margin-right:0;margin-left:0;padding-right:0;padding-left:0\">Nos diff\u00e9rentes possibilit\u00e9s en<br>t\u00f4lerie pr\u00e8s de Chamb\u00e9ry,<br>Annecy, Gen\u00e8ve et alentours<\/h2>\n\n\n\n<p class=\"has-text-align-center\"><\/p>\n\n\n\n<p class=\"has-text-align-center\"><\/p>\n<\/div>\n<\/div>\n\n\n\n<div class=\"wp-block-group alignfull is-style-section-1 has-global-padding is-layout-constrained wp-block-group-is-layout-constrained is-style-section-1--1\" style=\"margin-top:0;margin-bottom:0;padding-top:var(--wp--preset--spacing--80);padding-bottom:var(--wp--preset--spacing--80)\">\n<div class=\"wp-block-columns alignwide is-layout-flex wp-container-core-columns-is-layout-66fad18a wp-block-columns-is-layout-flex\">\n<div class=\"wp-block-column is-layout-flow wp-block-column-is-layout-flow\" style=\"padding-right:var(--wp--preset--spacing--50);flex-basis:45%\">\n<figure class=\"wp-block-image size-full\"><img loading=\"lazy\" decoding=\"async\" width=\"1334\" height=\"750\" src=\"https:\/\/garnier-industries.com\/wp-content\/uploads\/2026\/01\/Buse-de-ventilation-inox.jpg\" alt=\"\" class=\"wp-image-55\" srcset=\"https:\/\/garnier-industries.com\/wp-content\/uploads\/2026\/01\/Buse-de-ventilation-inox.jpg 1334w, https:\/\/garnier-industries.com\/wp-content\/uploads\/2026\/01\/Buse-de-ventilation-inox-300x169.jpg 300w, https:\/\/garnier-industries.com\/wp-content\/uploads\/2026\/01\/Buse-de-ventilation-inox-1024x576.jpg 1024w, https:\/\/garnier-industries.com\/wp-content\/uploads\/2026\/01\/Buse-de-ventilation-inox-768x432.jpg 768w\" sizes=\"auto, (max-width: 1334px) 100vw, 1334px\" \/><\/figure>\n\n\n\n<div class=\"wp-block-group has-global-padding is-layout-constrained wp-block-group-is-layout-constrained\" style=\"margin-top:-12vw\">\n<figure class=\"wp-block-image alignright size-full is-resized\" style=\"margin-right:-5vw;margin-left:-5vw\"><img loading=\"lazy\" decoding=\"async\" width=\"820\" height=\"1024\" src=\"http:\/\/garnier-industries.com\/wp-content\/uploads\/2026\/01\/Assemblage-final-dune-tremie-inox.jpg\" alt=\"\" class=\"wp-image-58\" style=\"width:202px\" srcset=\"https:\/\/garnier-industries.com\/wp-content\/uploads\/2026\/01\/Assemblage-final-dune-tremie-inox.jpg 820w, https:\/\/garnier-industries.com\/wp-content\/uploads\/2026\/01\/Assemblage-final-dune-tremie-inox-240x300.jpg 240w, https:\/\/garnier-industries.com\/wp-content\/uploads\/2026\/01\/Assemblage-final-dune-tremie-inox-768x959.jpg 768w\" sizes=\"auto, (max-width: 820px) 100vw, 820px\" \/><\/figure>\n<\/div>\n<\/div>\n\n\n\n<div class=\"wp-block-column is-vertically-aligned-center is-layout-flow wp-block-column-is-layout-flow\" style=\"padding-right:0;padding-left:0;flex-basis:50%\">\n<div class=\"wp-block-group is-vertical is-layout-flex wp-container-core-group-is-layout-fe9cc265 wp-block-group-is-layout-flex\">\n<h2 class=\"wp-block-heading is-style-text-annotation is-style-text-annotation--2\">\u00c0 propos<\/h2>\n<\/div>\n\n\n\n<p class=\"is-style-text-subtitle is-style-text-subtitle--3\">Nous mettons notre expertise au service de vos projets, de la conception \u00e0 la fabrication de pi\u00e8ces m\u00e9talliques sur mesure. Notre atelier est \u00e9quip\u00e9 pour r\u00e9pondre \u00e0 des besoins vari\u00e9s, du prototype \u00e0 la s\u00e9rie, avec un haut niveau d\u2019exigence en mati\u00e8re de pr\u00e9cision, de qualit\u00e9 et de respect des d\u00e9lais.<\/p>\n<\/div>\n<\/div>\n<\/div>\n\n\n\n<div class=\"wp-block-group alignfull has-global-padding is-layout-constrained wp-container-core-group-is-layout-ebee8dc1 wp-block-group-is-layout-constrained\" style=\"margin-top:0;margin-bottom:0;padding-top:var(--wp--preset--spacing--50);padding-bottom:var(--wp--preset--spacing--50)\">\n<h2 class=\"wp-block-heading alignwide\">Nos services<\/h2>\n\n\n\n<div class=\"wp-block-columns alignwide is-layout-flex wp-container-core-columns-is-layout-28f84493 wp-block-columns-is-layout-flex\">\n<div class=\"wp-block-column is-layout-flow wp-block-column-is-layout-flow\">\n<figure class=\"wp-block-image size-full\" style=\"margin-bottom:24px\"><img loading=\"lazy\" decoding=\"async\" width=\"923\" height=\"561\" src=\"http:\/\/garnier-industries.com\/wp-content\/uploads\/2026\/01\/LT360_Format_23.webp\" alt=\"\" class=\"wp-image-33\" style=\"aspect-ratio:4\/3;object-fit:cover\" srcset=\"https:\/\/garnier-industries.com\/wp-content\/uploads\/2026\/01\/LT360_Format_23.webp 923w, https:\/\/garnier-industries.com\/wp-content\/uploads\/2026\/01\/LT360_Format_23-300x182.webp 300w, https:\/\/garnier-industries.com\/wp-content\/uploads\/2026\/01\/LT360_Format_23-768x467.webp 768w\" sizes=\"auto, (max-width: 923px) 100vw, 923px\" \/><\/figure>\n\n\n\n<h3 class=\"wp-block-heading\">D\u00e9coupe Laser<\/h3>\n\n\n\n<p class=\"has-medium-font-size\">La d\u00e9coupe laser permet d\u2019obtenir des pi\u00e8ces d\u2019une grande pr\u00e9cision, avec des contours nets et une excellente r\u00e9p\u00e9tabilit\u00e9. Cette technologie s\u2019adapte \u00e0 de nombreux mat\u00e9riaux et \u00e9paisseurs, offrant une grande libert\u00e9 de formes et des d\u00e9lais de r\u00e9alisation optimis\u00e9s, aussi bien pour des pi\u00e8ces unitaires que pour des s\u00e9ries.<\/p>\n\n\n\n<p class=\"has-medium-font-size\"><\/p>\n<\/div>\n\n\n\n<div class=\"wp-block-column is-layout-flow wp-block-column-is-layout-flow\">\n<figure class=\"wp-block-image size-full\" style=\"margin-bottom:24px\"><img loading=\"lazy\" decoding=\"async\" width=\"1537\" height=\"2049\" src=\"https:\/\/garnier-industries.com\/wp-content\/uploads\/2026\/01\/Presse-plieuse-LVD.jpg\" alt=\"\" class=\"wp-image-61\" style=\"aspect-ratio:4\/3;object-fit:cover\" srcset=\"https:\/\/garnier-industries.com\/wp-content\/uploads\/2026\/01\/Presse-plieuse-LVD.jpg 1537w, https:\/\/garnier-industries.com\/wp-content\/uploads\/2026\/01\/Presse-plieuse-LVD-225x300.jpg 225w, https:\/\/garnier-industries.com\/wp-content\/uploads\/2026\/01\/Presse-plieuse-LVD-768x1024.jpg 768w, https:\/\/garnier-industries.com\/wp-content\/uploads\/2026\/01\/Presse-plieuse-LVD-1152x1536.jpg 1152w\" sizes=\"auto, (max-width: 1537px) 100vw, 1537px\" \/><\/figure>\n\n\n\n<h3 class=\"wp-block-heading\">Pliage C.N<\/h3>\n\n\n\n<p class=\"has-medium-font-size\">Notre parc machine comporte plusieurs presses plieuses dont 1 pilot\u00e9e par commande num\u00e9rique en liaison directe avec les logiciels de programmation FAO.<br>&#8211; Capacit\u00e9 de pliage Lg 3 m\u00e8tres<br>&#8211; Ep 6 mm acier en longueur de 3 m\u00e8tres<br>&#8211; Contr\u00f4leur d\u2019angle par lecture optique Easy-Form.<\/p>\n\n\n\n<p class=\"has-medium-font-size\"><\/p>\n<\/div>\n\n\n\n<div class=\"wp-block-column is-layout-flow wp-block-column-is-layout-flow\">\n<figure class=\"wp-block-image size-full\" style=\"margin-bottom:24px\"><img loading=\"lazy\" decoding=\"async\" width=\"750\" height=\"1334\" src=\"https:\/\/garnier-industries.com\/wp-content\/uploads\/2026\/01\/Chassis-inox.jpg\" alt=\"\" class=\"wp-image-62\" style=\"aspect-ratio:4\/3;object-fit:cover\" srcset=\"https:\/\/garnier-industries.com\/wp-content\/uploads\/2026\/01\/Chassis-inox.jpg 750w, https:\/\/garnier-industries.com\/wp-content\/uploads\/2026\/01\/Chassis-inox-169x300.jpg 169w, https:\/\/garnier-industries.com\/wp-content\/uploads\/2026\/01\/Chassis-inox-576x1024.jpg 576w\" sizes=\"auto, (max-width: 750px) 100vw, 750px\" \/><\/figure>\n\n\n\n<h3 class=\"wp-block-heading\">Ch\u00e2ssis machine sp\u00e9ciale<\/h3>\n\n\n\n<p class=\"has-medium-font-size\">De petite et moyenne taille, nous fabriquons des ch\u00e2ssis ainsi que la t\u00f4lerie qui les accompagne pour tous types de biens d\u2019\u00e9quipement.<br>Que ce soit en acier peint ou trait\u00e9, en acier inoxydable ou aluminium, nous apportons le soin et la finition ad\u00e9quats \u00e0 votre attente.<\/p>\n\n\n\n<p class=\"has-medium-font-size\"><\/p>\n<\/div>\n<\/div>\n\n\n\n<div class=\"wp-block-columns alignwide is-layout-flex wp-container-core-columns-is-layout-28f84493 wp-block-columns-is-layout-flex\">\n<div class=\"wp-block-column is-layout-flow wp-block-column-is-layout-flow\">\n<figure class=\"wp-block-image size-full\" style=\"margin-bottom:24px\"><img loading=\"lazy\" decoding=\"async\" width=\"1920\" height=\"2560\" src=\"https:\/\/garnier-industries.com\/wp-content\/uploads\/2026\/01\/Industrie-Alimentaire-scaled.jpg\" alt=\"\" class=\"wp-image-63\" style=\"aspect-ratio:4\/3;object-fit:cover\" srcset=\"https:\/\/garnier-industries.com\/wp-content\/uploads\/2026\/01\/Industrie-Alimentaire-scaled.jpg 1920w, https:\/\/garnier-industries.com\/wp-content\/uploads\/2026\/01\/Industrie-Alimentaire-225x300.jpg 225w, https:\/\/garnier-industries.com\/wp-content\/uploads\/2026\/01\/Industrie-Alimentaire-768x1024.jpg 768w, https:\/\/garnier-industries.com\/wp-content\/uploads\/2026\/01\/Industrie-Alimentaire-1152x1536.jpg 1152w, https:\/\/garnier-industries.com\/wp-content\/uploads\/2026\/01\/Industrie-Alimentaire-1536x2048.jpg 1536w\" sizes=\"auto, (max-width: 1920px) 100vw, 1920px\" \/><\/figure>\n\n\n\n<h3 class=\"wp-block-heading\">Industrie alimentaire<\/h3>\n\n\n\n<p class=\"has-medium-font-size\">Nous travaillons l\u2019acier inoxydable avec diff\u00e9rentes finitions possibles.<br>Les contraintes de l\u2019industrie alimentaire sont respect\u00e9es dans notre<br>processus de fabrication.<\/p>\n\n\n\n<p class=\"has-medium-font-size\"><\/p>\n\n\n\n<p class=\"has-medium-font-size\"><\/p>\n<\/div>\n\n\n\n<div class=\"wp-block-column is-layout-flow wp-block-column-is-layout-flow\">\n<figure class=\"wp-block-image size-full\" style=\"margin-bottom:24px\"><img loading=\"lazy\" decoding=\"async\" width=\"2049\" height=\"1537\" src=\"http:\/\/garnier-industries.com\/wp-content\/uploads\/2026\/01\/Pharmaceutique.jpg\" alt=\"\" class=\"wp-image-94\" style=\"aspect-ratio:4\/3;object-fit:cover\" srcset=\"https:\/\/garnier-industries.com\/wp-content\/uploads\/2026\/01\/Pharmaceutique.jpg 2049w, https:\/\/garnier-industries.com\/wp-content\/uploads\/2026\/01\/Pharmaceutique-300x225.jpg 300w, https:\/\/garnier-industries.com\/wp-content\/uploads\/2026\/01\/Pharmaceutique-1024x768.jpg 1024w, https:\/\/garnier-industries.com\/wp-content\/uploads\/2026\/01\/Pharmaceutique-768x576.jpg 768w, https:\/\/garnier-industries.com\/wp-content\/uploads\/2026\/01\/Pharmaceutique-1536x1152.jpg 1536w\" sizes=\"auto, (max-width: 2049px) 100vw, 2049px\" \/><\/figure>\n\n\n\n<h3 class=\"wp-block-heading\">Pharmaceutique<\/h3>\n\n\n\n<p class=\"has-medium-font-size\">Un niveau de qualit\u00e9 sup\u00e9rieure pour l\u2019aspect, l\u2019\u00e9tat de surface<br>irr\u00e9prochable pour le respect du cahier des charges de cette industrie.<\/p>\n\n\n\n<p class=\"has-medium-font-size\"><\/p>\n\n\n\n<p class=\"has-medium-font-size\"><\/p>\n<\/div>\n<\/div>\n<\/div>\n","protected":false},"excerpt":{"rendered":"<p>Nos diff\u00e9rentes possibilit\u00e9s ent\u00f4lerie pr\u00e8s de Chamb\u00e9ry,Annecy, Gen\u00e8ve et alentours \u00c0 propos Nous mettons notre expertise au service de vos projets, de la conception \u00e0 la fabrication de pi\u00e8ces m\u00e9talliques sur mesure. Notre atelier est \u00e9quip\u00e9 pour r\u00e9pondre \u00e0 des besoins vari\u00e9s, du prototype \u00e0 la s\u00e9rie, avec un haut niveau d\u2019exigence en mati\u00e8re de [&hellip;]<\/p>\n","protected":false},"author":1,"featured_media":0,"parent":0,"menu_order":5,"comment_status":"closed","ping_status":"closed","template":"","meta":{"footnotes":""},"class_list":["post-54","page","type-page","status-publish","hentry"],"_links":{"self":[{"href":"https:\/\/garnier-industries.com\/index.php\/wp-json\/wp\/v2\/pages\/54","targetHints":{"allow":["GET"]}}],"collection":[{"href":"https:\/\/garnier-industries.com\/index.php\/wp-json\/wp\/v2\/pages"}],"about":[{"href":"https:\/\/garnier-industries.com\/index.php\/wp-json\/wp\/v2\/types\/page"}],"author":[{"embeddable":true,"href":"https:\/\/garnier-industries.com\/index.php\/wp-json\/wp\/v2\/users\/1"}],"replies":[{"embeddable":true,"href":"https:\/\/garnier-industries.com\/index.php\/wp-json\/wp\/v2\/comments?post=54"}],"version-history":[{"count":5,"href":"https:\/\/garnier-industries.com\/index.php\/wp-json\/wp\/v2\/pages\/54\/revisions"}],"predecessor-version":[{"id":194,"href":"https:\/\/garnier-industries.com\/index.php\/wp-json\/wp\/v2\/pages\/54\/revisions\/194"}],"wp:attachment":[{"href":"https:\/\/garnier-industries.com\/index.php\/wp-json\/wp\/v2\/media?parent=54"}],"curies":[{"name":"wp","href":"https:\/\/api.w.org\/{rel}","templated":true}]}}