{"id":74,"date":"2026-01-21T16:45:16","date_gmt":"2026-01-21T16:45:16","guid":{"rendered":"https:\/\/garnier-industries.com\/?page_id=74"},"modified":"2026-01-28T15:20:26","modified_gmt":"2026-01-28T15:20:26","slug":"a-propos","status":"publish","type":"page","link":"https:\/\/garnier-industries.com\/index.php\/a-propos\/","title":{"rendered":"A PROPOS"},"content":{"rendered":"\n<div class=\"wp-block-media-text alignfull is-stacked-on-mobile has-background\" style=\"background-color:#8b919e\"><figure class=\"wp-block-media-text__media\"><img loading=\"lazy\" decoding=\"async\" width=\"968\" height=\"726\" src=\"https:\/\/garnier-industries.com\/wp-content\/uploads\/2026\/01\/facade-1.jpg\" alt=\"\" class=\"wp-image-75 size-full\" srcset=\"https:\/\/garnier-industries.com\/wp-content\/uploads\/2026\/01\/facade-1.jpg 968w, https:\/\/garnier-industries.com\/wp-content\/uploads\/2026\/01\/facade-1-300x225.jpg 300w, https:\/\/garnier-industries.com\/wp-content\/uploads\/2026\/01\/facade-1-768x576.jpg 768w\" sizes=\"auto, (max-width: 968px) 100vw, 968px\" \/><\/figure><div class=\"wp-block-media-text__content\">\n<div class=\"wp-block-group alignwide has-global-padding is-content-justification-left is-layout-constrained wp-container-core-group-is-layout-12dd3699 wp-block-group-is-layout-constrained\">\n<h2 class=\"wp-block-heading has-text-align-left has-xx-large-font-size\">Votre sp\u00e9cialiste<br>chaudronnerie et t\u00f4lerie \u00e0<br>Entrelacs<\/h2>\n\n\n\n<p>La soci\u00e9t\u00e9 Garnier est une entreprise familiale cr\u00e9\u00e9e en 1969 et install\u00e9e sur la commune d&rsquo; Entrelacs pr\u00e8s de Chamb\u00e9ry, dans le d\u00e9partement de la Savoie (73). Depuis deux g\u00e9n\u00e9rations, nous avons d\u00e9velopp\u00e9 nos comp\u00e9tences dans les domaines de la chaudronnerie , de la t\u00f4lerie et de la d\u00e9coupe laser.<br>Nous mettons toute cette exp\u00e9rience au service de la chaudronnerie avec notamment des r\u00e9alisations de b\u00e2tis de machines, tous types de ch\u00e2ssis m\u00e9canosoud\u00e9s et de pi\u00e8ces de t\u00f4lerie. Nos diff\u00e9rents moyens et \u00e9quipements permettent de r\u00e9pondre \u00e0 vos besoins, que ce soit \u00e0 l&rsquo;unit\u00e9 ou en s\u00e9rie.<\/p>\n\n\n\n<div class=\"wp-block-buttons is-content-justification-center is-layout-flex wp-container-core-buttons-is-layout-a89b3969 wp-block-buttons-is-layout-flex\">\n<div class=\"wp-block-button\"><a class=\"wp-block-button__link wp-element-button\" href=\"https:\/\/garnier-industries.com\/index.php\/contact\/\">CONTACTEZ-NOUS<\/a><\/div>\n<\/div>\n<\/div>\n<\/div><\/div>\n\n\n\n<div class=\"wp-block-group alignfull is-style-section-5 has-global-padding is-layout-constrained wp-block-group-is-layout-constrained is-style-section-5--1\" style=\"margin-top:0;margin-bottom:0;padding-top:var(--wp--preset--spacing--50);padding-bottom:var(--wp--preset--spacing--50)\">\n<div class=\"wp-block-columns alignwide is-layout-flex wp-container-core-columns-is-layout-7ee84d44 wp-block-columns-is-layout-flex\">\n<div class=\"wp-block-column is-vertically-aligned-center is-layout-flow wp-block-column-is-layout-flow\" style=\"flex-basis:50%\">\n<h2 class=\"wp-block-heading\">D\u00e9couvrez nos diff\u00e9rentes activit\u00e9s en t\u00f4lerie et d\u00e9coupe laser sur l&rsquo;axe Chamb\u00e9ry &#8211; Annecy &#8211; Gen\u00e8ve<\/h2>\n\n\n\n<p class=\"has-medium-font-size\">Pour plus d&rsquo;informations sur nos diff\u00e9rentes sp\u00e9cialit\u00e9s et nous faire part de votre projet, n&rsquo;h\u00e9sitez pas \u00e0 nous contacter . En effet, notre \u00e9quipe compos\u00e9e de 15 personnes qualifi\u00e9es se tient \u00e0 votre disposition pour vous apporter tous les renseignements n\u00e9cessaires et r\u00e9pondre \u00e0 vos diff\u00e9rentes interrogations.<\/p>\n\n\n\n<p class=\"has-medium-font-size\"><\/p>\n<\/div>\n\n\n\n<div class=\"wp-block-column is-vertically-aligned-center is-layout-flow wp-block-column-is-layout-flow\" style=\"flex-basis:50%\">\n<figure class=\"wp-block-image size-full\"><img loading=\"lazy\" decoding=\"async\" width=\"1537\" height=\"2049\" src=\"https:\/\/garnier-industries.com\/wp-content\/uploads\/2026\/01\/Cabine-inox.jpg\" alt=\"\" class=\"wp-image-79\" style=\"aspect-ratio:1;object-fit:cover\" srcset=\"https:\/\/garnier-industries.com\/wp-content\/uploads\/2026\/01\/Cabine-inox.jpg 1537w, https:\/\/garnier-industries.com\/wp-content\/uploads\/2026\/01\/Cabine-inox-225x300.jpg 225w, https:\/\/garnier-industries.com\/wp-content\/uploads\/2026\/01\/Cabine-inox-768x1024.jpg 768w, https:\/\/garnier-industries.com\/wp-content\/uploads\/2026\/01\/Cabine-inox-1152x1536.jpg 1152w\" sizes=\"auto, (max-width: 1537px) 100vw, 1537px\" \/><\/figure>\n<\/div>\n<\/div>\n<\/div>\n\n\n\n<div class=\"wp-block-group alignfull has-global-padding is-layout-constrained wp-block-group-is-layout-constrained\" style=\"margin-top:0;margin-bottom:0\">\n<div class=\"wp-block-group alignwide is-layout-grid wp-container-core-group-is-layout-5fdb10e5 wp-block-group-is-layout-grid\" style=\"padding-top:var(--wp--preset--spacing--50);padding-bottom:var(--wp--preset--spacing--50)\">\n<div class=\"wp-block-group is-vertical is-content-justification-stretch is-nowrap is-layout-flex wp-container-core-group-is-layout-627337ab wp-block-group-is-layout-flex\">\n<div class=\"wp-block-group is-vertical is-content-justification-left is-layout-flex wp-container-core-group-is-layout-dd225191 wp-block-group-is-layout-flex\">\n<h2 class=\"wp-block-heading is-style-text-annotation is-style-text-annotation--2\">LISTE DE NOS SP\u00c9CIALIT\u00c9S <\/h2>\n\n\n\n<ul class=\"wp-block-list\">\n<li>T\u00f4lerie inox, alu<\/li>\n\n\n\n<li>T\u00f4lerie acier<\/li>\n\n\n\n<li>D\u00e9coupe laser \u00e0 plat et de tubes pour prototypes et s\u00e9ries<\/li>\n\n\n\n<li>D\u00e9coupe et soudage laser 6 axes sur machine 3D-BLM360<\/li>\n\n\n\n<li>Pliage commande num\u00e9rique<\/li>\n\n\n\n<li>\u00c9tude et d\u00e9veloppement de prototypes de t\u00f4lerie sur DAO 2D et<br>3D (Autocad, Spaceclaim et Topsolid)<\/li>\n\n\n\n<li>Fabrication d&rsquo;ensembles, de sous ensembles complets y compris<br>l&rsquo;usinage, la peinture et le montage m\u00e9canique.<\/li>\n\n\n\n<li>R\u00e9alisation de tous travaux de chaudronnerie suivant plans fournis<br>par le donneur d&rsquo;ordre.<\/li>\n<\/ul>\n\n\n\n<p class=\"is-style-text-subtitle is-style-text-subtitle--3\"><\/p>\n<\/div>\n\n\n\n<figure class=\"wp-block-image size-full\"><img loading=\"lazy\" decoding=\"async\" width=\"1024\" height=\"576\" src=\"https:\/\/garnier-industries.com\/wp-content\/uploads\/2026\/01\/crepine-en-decoupe-laser-tube.jpg\" alt=\"\" class=\"wp-image-78\" style=\"aspect-ratio:16\/9;object-fit:cover\" srcset=\"https:\/\/garnier-industries.com\/wp-content\/uploads\/2026\/01\/crepine-en-decoupe-laser-tube.jpg 1024w, https:\/\/garnier-industries.com\/wp-content\/uploads\/2026\/01\/crepine-en-decoupe-laser-tube-300x169.jpg 300w, https:\/\/garnier-industries.com\/wp-content\/uploads\/2026\/01\/crepine-en-decoupe-laser-tube-768x432.jpg 768w\" sizes=\"auto, (max-width: 1024px) 100vw, 1024px\" \/><\/figure>\n<\/div>\n\n\n\n<figure class=\"wp-block-image size-full\"><img loading=\"lazy\" decoding=\"async\" width=\"1537\" height=\"2049\" src=\"http:\/\/garnier-industries.com\/wp-content\/uploads\/2026\/01\/Bien-dequipement-INOX.jpg\" alt=\"\" class=\"wp-image-102\" style=\"aspect-ratio:3\/4;object-fit:cover\" srcset=\"https:\/\/garnier-industries.com\/wp-content\/uploads\/2026\/01\/Bien-dequipement-INOX.jpg 1537w, https:\/\/garnier-industries.com\/wp-content\/uploads\/2026\/01\/Bien-dequipement-INOX-225x300.jpg 225w, https:\/\/garnier-industries.com\/wp-content\/uploads\/2026\/01\/Bien-dequipement-INOX-768x1024.jpg 768w, https:\/\/garnier-industries.com\/wp-content\/uploads\/2026\/01\/Bien-dequipement-INOX-1152x1536.jpg 1152w\" sizes=\"auto, (max-width: 1537px) 100vw, 1537px\" \/><\/figure>\n<\/div>\n<\/div>\n\n\n\n<div class=\"wp-block-group alignfull has-global-padding is-layout-constrained wp-block-group-is-layout-constrained\" style=\"margin-top:0;margin-bottom:0\"><\/div>\n","protected":false},"excerpt":{"rendered":"<p>D\u00e9couvrez nos diff\u00e9rentes activit\u00e9s en t\u00f4lerie et d\u00e9coupe laser sur l&rsquo;axe Chamb\u00e9ry &#8211; Annecy &#8211; Gen\u00e8ve Pour plus d&rsquo;informations sur nos diff\u00e9rentes sp\u00e9cialit\u00e9s et nous faire part de votre projet, n&rsquo;h\u00e9sitez pas \u00e0 nous contacter . En effet, notre \u00e9quipe compos\u00e9e de 15 personnes qualifi\u00e9es se tient \u00e0 votre disposition pour vous apporter tous les [&hellip;]<\/p>\n","protected":false},"author":1,"featured_media":0,"parent":0,"menu_order":2,"comment_status":"closed","ping_status":"closed","template":"","meta":{"footnotes":""},"class_list":["post-74","page","type-page","status-publish","hentry"],"_links":{"self":[{"href":"https:\/\/garnier-industries.com\/index.php\/wp-json\/wp\/v2\/pages\/74","targetHints":{"allow":["GET"]}}],"collection":[{"href":"https:\/\/garnier-industries.com\/index.php\/wp-json\/wp\/v2\/pages"}],"about":[{"href":"https:\/\/garnier-industries.com\/index.php\/wp-json\/wp\/v2\/types\/page"}],"author":[{"embeddable":true,"href":"https:\/\/garnier-industries.com\/index.php\/wp-json\/wp\/v2\/users\/1"}],"replies":[{"embeddable":true,"href":"https:\/\/garnier-industries.com\/index.php\/wp-json\/wp\/v2\/comments?post=74"}],"version-history":[{"count":7,"href":"https:\/\/garnier-industries.com\/index.php\/wp-json\/wp\/v2\/pages\/74\/revisions"}],"predecessor-version":[{"id":164,"href":"https:\/\/garnier-industries.com\/index.php\/wp-json\/wp\/v2\/pages\/74\/revisions\/164"}],"wp:attachment":[{"href":"https:\/\/garnier-industries.com\/index.php\/wp-json\/wp\/v2\/media?parent=74"}],"curies":[{"name":"wp","href":"https:\/\/api.w.org\/{rel}","templated":true}]}}