{"id":81,"date":"2026-01-21T16:45:41","date_gmt":"2026-01-21T16:45:41","guid":{"rendered":"https:\/\/garnier-industries.com\/?page_id=81"},"modified":"2026-02-05T06:58:24","modified_gmt":"2026-02-05T06:58:24","slug":"nos-moyens","status":"publish","type":"page","link":"https:\/\/garnier-industries.com\/index.php\/nos-moyens\/","title":{"rendered":"NOS MOYENS"},"content":{"rendered":"\n<div class=\"wp-block-group alignfull has-global-padding is-layout-constrained wp-block-group-is-layout-constrained\" style=\"margin-top:0;margin-bottom:0\">\n<div class=\"wp-block-columns alignfull is-layout-flex wp-container-core-columns-is-layout-9c22b1e3 wp-block-columns-is-layout-flex\">\n<div class=\"wp-block-column is-layout-flow wp-block-column-is-layout-flow\" style=\"flex-basis:55%\">\n<div style=\"aspect-ratio:1;min-height:unset;\" class=\"wp-block-cover has-aspect-ratio\"><img loading=\"lazy\" decoding=\"async\" width=\"768\" height=\"1024\" class=\"wp-block-cover__image-background wp-image-109 size-large\" alt=\"\" src=\"http:\/\/garnier-industries.com\/wp-content\/uploads\/2026\/01\/Gaine-en-cours-de-soudage-768x1024.jpg\" data-object-fit=\"cover\" srcset=\"https:\/\/garnier-industries.com\/wp-content\/uploads\/2026\/01\/Gaine-en-cours-de-soudage-768x1024.jpg 768w, https:\/\/garnier-industries.com\/wp-content\/uploads\/2026\/01\/Gaine-en-cours-de-soudage-225x300.jpg 225w, https:\/\/garnier-industries.com\/wp-content\/uploads\/2026\/01\/Gaine-en-cours-de-soudage-1152x1536.jpg 1152w, https:\/\/garnier-industries.com\/wp-content\/uploads\/2026\/01\/Gaine-en-cours-de-soudage.jpg 1537w\" sizes=\"auto, (max-width: 768px) 100vw, 768px\" \/><span aria-hidden=\"true\" class=\"wp-block-cover__background has-background-dim-0 has-background-dim\" style=\"background-color:#6e665c\"><\/span><div class=\"wp-block-cover__inner-container is-layout-flow wp-block-cover-is-layout-flow\">\n<div style=\"height:var(--wp--preset--spacing--20)\" aria-hidden=\"true\" class=\"wp-block-spacer\"><\/div>\n<\/div><\/div>\n<\/div>\n\n\n\n<div class=\"wp-block-column is-vertically-aligned-center is-layout-flow wp-block-column-is-layout-flow\" style=\"padding-top:var(--wp--preset--spacing--60);padding-right:var(--wp--preset--spacing--60);padding-bottom:var(--wp--preset--spacing--60);padding-left:var(--wp--preset--spacing--60)\">\n<h2 class=\"wp-block-heading has-xx-large-font-size\">Nos moyens humains pour la chaudronnerie et t\u00f4lerie \u00e0 Entrelacs<\/h2>\n\n\n\n<p>La soci\u00e9t\u00e9 Garnier \u00e0 Entrelacs intervient \u00e9galement \u00e0 Annecy en Haute-Savoie et<br>Gen\u00e8ve en Suisse (CH). Notre \u00e9quipe de professionnels qualifi\u00e9s maitrisent toutes les techniques nous permettant d&rsquo;aboutir \u00e0 des march\u00e9s de plus en plus minutieux, d\u00e9bouchant notamment sur la Suisse Romande, canton de<br>Gen\u00e8ve. Nous sommes ainsi en mesure de r\u00e9aliser des travaux de t\u00f4lerie et de chaudronnerie d&rsquo;une grande pr\u00e9cision. <\/p>\n\n\n\n<p>N&rsquo;h\u00e9sitez pas \u00e0 nous contacter !<\/p>\n\n\n\n<p class=\"has-medium-font-size\"><\/p>\n<\/div>\n<\/div>\n<\/div>\n\n\n\n<div class=\"wp-block-group alignfull has-global-padding is-layout-constrained wp-container-core-group-is-layout-54af5b55 wp-block-group-is-layout-constrained\" style=\"margin-top:0;margin-bottom:0;padding-top:var(--wp--preset--spacing--60);padding-bottom:var(--wp--preset--spacing--60)\">\n<h2 class=\"wp-block-heading alignwide has-text-align-center has-x-large-font-size\">TOUS LES MOYENS MIS \u00c0 VOTRE DISPOSITION<\/h2>\n\n\n\n<p class=\"has-text-align-center\">Pour les petites s\u00e9ries, une assistance technique permet de d\u00e9velopper les prototypes<br>gr\u00e2ce \u00e0 nos moyens de programmation et logiciels 3D. Nous poss\u00e9dons du mat\u00e9riel de<br>pr\u00e9cision et de derni\u00e8re g\u00e9n\u00e9ration. D\u00e9couvrez notre parc machine.<\/p>\n\n\n\n<div class=\"wp-block-buttons alignwide has-custom-font-size has-medium-font-size is-content-justification-center is-layout-flex wp-container-core-buttons-is-layout-c124d1c4 wp-block-buttons-is-layout-flex\">\n<div class=\"wp-block-button\"><a class=\"wp-block-button__link wp-element-button\">decoupe<\/a><\/div>\n\n\n\n<div class=\"wp-block-button\"><a class=\"wp-block-button__link wp-element-button\">Pliage &#8211; Formage<\/a><\/div>\n\n\n\n<div class=\"wp-block-button\"><a class=\"wp-block-button__link wp-element-button\">Programmation<\/a><\/div>\n\n\n\n<div class=\"wp-block-button\"><a class=\"wp-block-button__link wp-element-button\">Soudage<\/a><\/div>\n\n\n\n<div class=\"wp-block-button\"><a class=\"wp-block-button__link wp-element-button\">Divers outillages<\/a><\/div>\n\n\n\n<div class=\"wp-block-button\"><a class=\"wp-block-button__link wp-element-button\">Levage<\/a><\/div>\n\n\n\n<div class=\"wp-block-button\"><a class=\"wp-block-button__link wp-element-button\">D\u00e9capage et nettoyage inox<\/a><\/div>\n\n\n\n<div class=\"wp-block-button\"><a class=\"wp-block-button__link wp-element-button\">Moyens de polissage<\/a><\/div>\n<\/div>\n\n\n\n<p class=\"has-text-align-center has-medium-font-size\"><\/p>\n<\/div>\n\n\n\n<div class=\"wp-block-group alignfull has-global-padding is-layout-constrained wp-block-group-is-layout-constrained\" style=\"margin-top:0;margin-bottom:0;padding-top:var(--wp--preset--spacing--50);padding-bottom:var(--wp--preset--spacing--50)\">\n<div class=\"wp-block-columns alignwide is-layout-flex wp-container-core-columns-is-layout-fa584acd wp-block-columns-is-layout-flex\">\n<div class=\"wp-block-column is-vertically-aligned-center is-layout-flow wp-block-column-is-layout-flow\">\n<h2 class=\"wp-block-heading has-xx-large-font-size\">D\u00e9coupe <\/h2>\n\n\n\n<ul class=\"wp-block-list\">\n<li>1 Centre de d\u00e9coupe LASER TUBE LT7 Adige BLM Group, t\u00eate 3D &#8211; 5 axes permettant les chanfreins, chargement automatique par barres ou fagots (6m), \u00d8 de 20 \u00e0 150mm, ep 10 acier &#8211; ep 6 inox, source fibre 3000 Watts<\/li>\n\n\n\n<li>1 Centre de d\u00e9coupe laser 3D  LT360 BLM &#8211; 6 axes 1700 X 1000 X 700 &#8211; 3000 Watts fibre &#8211; Machine \u00e9quip\u00e9e de 2 bras de robot ABB pour la d\u00e9coupe laser de pi\u00e8ces volumiques<\/li>\n\n\n\n<li>1 Centre de d\u00e9coupe laser t\u00f4les LS5- BLM -1500 X 3000 &#8211; 6000 Watts fibre &#8211; capacit\u00e9 25 mm acier,  20 mm inox et alu.<\/li>\n\n\n\n<li>1 Cisaille HACO 3000 x 12 mm<\/li>\n\n\n\n<li>2 Scies \u00e0 ruban FMB dont une semi-automatique<\/li>\n<\/ul>\n\n\n\n<p class=\"has-medium-font-size\"><\/p>\n<\/div>\n\n\n\n<div class=\"wp-block-column is-vertically-aligned-center is-layout-flow wp-block-column-is-layout-flow\">\n<figure class=\"wp-block-image size-full\"><img loading=\"lazy\" decoding=\"async\" width=\"1181\" height=\"886\" src=\"http:\/\/garnier-industries.com\/wp-content\/uploads\/2026\/01\/Laser-tole-1.jpg\" alt=\"\" class=\"wp-image-11\" style=\"aspect-ratio:1;object-fit:cover\" srcset=\"https:\/\/garnier-industries.com\/wp-content\/uploads\/2026\/01\/Laser-tole-1.jpg 1181w, https:\/\/garnier-industries.com\/wp-content\/uploads\/2026\/01\/Laser-tole-1-300x225.jpg 300w, https:\/\/garnier-industries.com\/wp-content\/uploads\/2026\/01\/Laser-tole-1-1024x768.jpg 1024w, https:\/\/garnier-industries.com\/wp-content\/uploads\/2026\/01\/Laser-tole-1-768x576.jpg 768w\" sizes=\"auto, (max-width: 1181px) 100vw, 1181px\" \/><\/figure>\n<\/div>\n<\/div>\n<\/div>\n\n\n\n<div class=\"wp-block-group alignfull has-global-padding is-layout-constrained wp-block-group-is-layout-constrained\" style=\"margin-top:0;margin-bottom:0;padding-top:var(--wp--preset--spacing--50);padding-bottom:var(--wp--preset--spacing--50)\">\n<div class=\"wp-block-columns alignwide is-layout-flex wp-container-core-columns-is-layout-fa584acd wp-block-columns-is-layout-flex\">\n<div class=\"wp-block-column is-vertically-aligned-center is-layout-flow wp-block-column-is-layout-flow\">\n<h2 class=\"wp-block-heading has-xx-large-font-size\">Pliage &#8211; Formage<\/h2>\n\n\n\n<ul class=\"wp-block-list\">\n<li>Presse plieuse CN &#8211; LVD PPEB170 CN 7 axes 170T (lg de pliage 3m.)<\/li>\n\n\n\n<li>1 Presse plieuse COLLY 120 T (lg de pliage 3m entre montant)<\/li>\n\n\n\n<li>1 Presse plieuse COLLY 50 T (longueur de pliage 2m)<\/li>\n\n\n\n<li>1 Plieuse BOMBLED 1000 x 4<\/li>\n\n\n\n<li>2 Rouleuses croqueuses asym\u00e9trique hydraulique dont une PICOT -Dim.2500 \u00e9p.4<\/li>\n<\/ul>\n\n\n\n<p class=\"has-medium-font-size\"><\/p>\n<\/div>\n\n\n\n<div class=\"wp-block-column is-vertically-aligned-center is-layout-flow wp-block-column-is-layout-flow\">\n<figure class=\"wp-block-image size-full\"><img loading=\"lazy\" decoding=\"async\" width=\"1537\" height=\"2049\" src=\"http:\/\/garnier-industries.com\/wp-content\/uploads\/2026\/01\/Presse-plieuse-LVD-1.jpg\" alt=\"\" class=\"wp-image-134\" style=\"aspect-ratio:1;object-fit:cover\" srcset=\"https:\/\/garnier-industries.com\/wp-content\/uploads\/2026\/01\/Presse-plieuse-LVD-1.jpg 1537w, https:\/\/garnier-industries.com\/wp-content\/uploads\/2026\/01\/Presse-plieuse-LVD-1-225x300.jpg 225w, https:\/\/garnier-industries.com\/wp-content\/uploads\/2026\/01\/Presse-plieuse-LVD-1-768x1024.jpg 768w, https:\/\/garnier-industries.com\/wp-content\/uploads\/2026\/01\/Presse-plieuse-LVD-1-1152x1536.jpg 1152w\" sizes=\"auto, (max-width: 1537px) 100vw, 1537px\" \/><\/figure>\n<\/div>\n<\/div>\n<\/div>\n\n\n\n<div class=\"wp-block-group alignfull has-global-padding is-layout-constrained wp-block-group-is-layout-constrained\" style=\"margin-top:0;margin-bottom:0;padding-top:var(--wp--preset--spacing--50);padding-bottom:var(--wp--preset--spacing--50)\">\n<div class=\"wp-block-columns alignwide is-layout-flex wp-container-core-columns-is-layout-fa584acd wp-block-columns-is-layout-flex\">\n<div class=\"wp-block-column is-vertically-aligned-center is-layout-flow wp-block-column-is-layout-flow\">\n<h2 class=\"wp-block-heading has-xx-large-font-size\">Programmation<\/h2>\n\n\n\n<ul class=\"wp-block-list\">\n<li>8 PC en r\u00e9seaux travaillant sur des logiciels de t\u00f4lerie 2D et 3D, imbrication, d\u00e9pliage (LOGITRACE,TOPSOLID,SPAICECLAIM, AUTOCAD, ARTUB 3D ET CADMAN)<\/li>\n\n\n\n<li>Principaux fichiers possibles : DXF, DWG, STEP, IGES, PARASOLID etc.<\/li>\n<\/ul>\n\n\n\n<p class=\"has-medium-font-size\"><\/p>\n<\/div>\n\n\n\n<div class=\"wp-block-column is-vertically-aligned-center is-layout-flow wp-block-column-is-layout-flow\">\n<figure class=\"wp-block-image size-full\"><img loading=\"lazy\" decoding=\"async\" width=\"2049\" height=\"1537\" src=\"http:\/\/garnier-industries.com\/wp-content\/uploads\/2026\/01\/Programmation-3D.jpg\" alt=\"\" class=\"wp-image-188\" style=\"aspect-ratio:1;object-fit:cover\" srcset=\"https:\/\/garnier-industries.com\/wp-content\/uploads\/2026\/01\/Programmation-3D.jpg 2049w, https:\/\/garnier-industries.com\/wp-content\/uploads\/2026\/01\/Programmation-3D-300x225.jpg 300w, https:\/\/garnier-industries.com\/wp-content\/uploads\/2026\/01\/Programmation-3D-1024x768.jpg 1024w, https:\/\/garnier-industries.com\/wp-content\/uploads\/2026\/01\/Programmation-3D-768x576.jpg 768w, https:\/\/garnier-industries.com\/wp-content\/uploads\/2026\/01\/Programmation-3D-1536x1152.jpg 1536w\" sizes=\"auto, (max-width: 2049px) 100vw, 2049px\" \/><\/figure>\n<\/div>\n<\/div>\n<\/div>\n\n\n\n<div class=\"wp-block-group alignfull has-global-padding is-layout-constrained wp-block-group-is-layout-constrained\" style=\"margin-top:0;margin-bottom:0;padding-top:var(--wp--preset--spacing--50);padding-bottom:var(--wp--preset--spacing--50)\">\n<div class=\"wp-block-columns alignwide is-layout-flex wp-container-core-columns-is-layout-fa584acd wp-block-columns-is-layout-flex\">\n<div class=\"wp-block-column is-vertically-aligned-center is-layout-flow wp-block-column-is-layout-flow\">\n<h2 class=\"wp-block-heading has-xx-large-font-size\">Soudage<\/h2>\n\n\n\n<ul class=\"wp-block-list\">\n<li>1 Soudeuse par points SCIAKY 4 mm + 4 mm<\/li>\n\n\n\n<li>1 Poste d\u00e9coupe plasma portatif SAF<\/li>\n\n\n\n<li>8 Postes \u00e0 souder semi-automatiques (MIG) 455 A &#8211; 380 A &#8211; 280 A &#8211; 250 A &#8211; 220 A<\/li>\n\n\n\n<li>2 Postes \u00e0 souder semi-automatiques PULSE 300 A permettant inox, alu et acier<\/li>\n\n\n\n<li>6 Postes \u00e0 souder TIG (Argon) de 250 \u00e0 400 Amp\u00e8res, dont 2 pour l&rsquo;aluminium<\/li>\n\n\n\n<li>2 Postes \u00e0 souder TIG (Argon) portable<\/li>\n\n\n\n<li>1 Positionneur viseur soudure diam.500 &#8211; 100 kg<\/li>\n\n\n\n<li>2 Goujonneuses \u00e0 soudage par condensation maxi M8<\/li>\n<\/ul>\n\n\n\n<p class=\"has-medium-font-size\"><\/p>\n<\/div>\n\n\n\n<div class=\"wp-block-column is-vertically-aligned-center is-layout-flow wp-block-column-is-layout-flow\">\n<figure class=\"wp-block-image size-full\"><img loading=\"lazy\" decoding=\"async\" width=\"1920\" height=\"2560\" src=\"http:\/\/garnier-industries.com\/wp-content\/uploads\/2026\/01\/20260128_152609-scaled.jpg\" alt=\"\" class=\"wp-image-184\" style=\"aspect-ratio:1;object-fit:cover\" srcset=\"https:\/\/garnier-industries.com\/wp-content\/uploads\/2026\/01\/20260128_152609-scaled.jpg 1920w, https:\/\/garnier-industries.com\/wp-content\/uploads\/2026\/01\/20260128_152609-225x300.jpg 225w, https:\/\/garnier-industries.com\/wp-content\/uploads\/2026\/01\/20260128_152609-768x1024.jpg 768w, https:\/\/garnier-industries.com\/wp-content\/uploads\/2026\/01\/20260128_152609-1152x1536.jpg 1152w, https:\/\/garnier-industries.com\/wp-content\/uploads\/2026\/01\/20260128_152609-1536x2048.jpg 1536w\" sizes=\"auto, (max-width: 1920px) 100vw, 1920px\" \/><\/figure>\n<\/div>\n<\/div>\n<\/div>\n\n\n\n<div class=\"wp-block-group alignfull has-global-padding is-layout-constrained wp-block-group-is-layout-constrained\" style=\"margin-top:0;margin-bottom:0;padding-top:var(--wp--preset--spacing--50);padding-bottom:var(--wp--preset--spacing--50)\">\n<div class=\"wp-block-columns alignwide is-layout-flex wp-container-core-columns-is-layout-fa584acd wp-block-columns-is-layout-flex\">\n<div class=\"wp-block-column is-vertically-aligned-center is-layout-flow wp-block-column-is-layout-flow\">\n<h2 class=\"wp-block-heading has-xx-large-font-size\">Divers outillages<\/h2>\n\n\n\n<ul class=\"wp-block-list\">\n<li>1 Compresseur Maugui\u00e8re \u00e0 vis 10 CV<\/li>\n\n\n\n<li>1 Compresseur Atlas Copco \u00e0 vis &#8211; GA15FF &#8211; 14 2m3\/h<\/li>\n\n\n\n<li>1 Perceuse \u00e0 colonne CINCINNATI PC320<\/li>\n\n\n\n<li>1 Perceuse fraise PROMAC<\/li>\n\n\n\n<li>1 Bras de taraudage pneumatique capacit\u00e9 M24 sur marbre de 1100*900<\/li>\n\n\n\n<li>1 Tour HYVEMA 1000 entre pointe passage diam.500<\/li>\n\n\n\n<li>1 Fraiseuse ALCERA 753<\/li>\n\n\n\n<li>2 Tourets \u00e0 bande WANDERVID (bande de 100 x 920)<\/li>\n\n\n\n<li>Etc&#8230;&#8230;<\/li>\n<\/ul>\n\n\n\n<p class=\"has-medium-font-size\"><\/p>\n<\/div>\n\n\n\n<div class=\"wp-block-column is-vertically-aligned-center is-layout-flow wp-block-column-is-layout-flow\">\n<figure class=\"wp-block-image size-full\"><img loading=\"lazy\" decoding=\"async\" width=\"1920\" height=\"2560\" src=\"http:\/\/garnier-industries.com\/wp-content\/uploads\/2026\/01\/20260128_152307-scaled.jpg\" alt=\"\" class=\"wp-image-185\" style=\"aspect-ratio:1;object-fit:cover\" srcset=\"https:\/\/garnier-industries.com\/wp-content\/uploads\/2026\/01\/20260128_152307-scaled.jpg 1920w, https:\/\/garnier-industries.com\/wp-content\/uploads\/2026\/01\/20260128_152307-225x300.jpg 225w, https:\/\/garnier-industries.com\/wp-content\/uploads\/2026\/01\/20260128_152307-768x1024.jpg 768w, https:\/\/garnier-industries.com\/wp-content\/uploads\/2026\/01\/20260128_152307-1152x1536.jpg 1152w, https:\/\/garnier-industries.com\/wp-content\/uploads\/2026\/01\/20260128_152307-1536x2048.jpg 1536w\" sizes=\"auto, (max-width: 1920px) 100vw, 1920px\" \/><\/figure>\n<\/div>\n<\/div>\n<\/div>\n\n\n\n<div class=\"wp-block-group alignfull has-global-padding is-layout-constrained wp-block-group-is-layout-constrained\" style=\"margin-top:0;margin-bottom:0;padding-top:var(--wp--preset--spacing--50);padding-bottom:var(--wp--preset--spacing--50)\">\n<div class=\"wp-block-columns alignwide is-layout-flex wp-container-core-columns-is-layout-fa584acd wp-block-columns-is-layout-flex\">\n<div class=\"wp-block-column is-vertically-aligned-center is-layout-flow wp-block-column-is-layout-flow\">\n<h2 class=\"wp-block-heading has-xx-large-font-size\">Levage<\/h2>\n\n\n\n<ul class=\"wp-block-list\">\n<li>2 Chariots \u00e9l\u00e9vateur de 1.8t<\/li>\n\n\n\n<li>1 Gerbeur \u00e9lectrique 1.2t<\/li>\n\n\n\n<li>2 Ponts roulant de 5t<\/li>\n\n\n\n<li>1 Pont roulant de 3.2t<\/li>\n\n\n\n<li>2 Palans \u00e9lectriques de 1t<\/li>\n\n\n\n<li>1 Palonnier \u00e0 ventouses pour t\u00f4les minces<\/li>\n\n\n\n<li>3 Aimants de levage pour t\u00f4les \u00e9paisses<\/li>\n<\/ul>\n\n\n\n<p class=\"has-medium-font-size\"><\/p>\n<\/div>\n\n\n\n<div class=\"wp-block-column is-vertically-aligned-center is-layout-flow wp-block-column-is-layout-flow\">\n<figure class=\"wp-block-image size-full\"><img loading=\"lazy\" decoding=\"async\" width=\"1920\" height=\"2560\" src=\"http:\/\/garnier-industries.com\/wp-content\/uploads\/2026\/01\/20260128_152831-scaled.jpg\" alt=\"\" class=\"wp-image-186\" style=\"aspect-ratio:1;object-fit:cover\" srcset=\"https:\/\/garnier-industries.com\/wp-content\/uploads\/2026\/01\/20260128_152831-scaled.jpg 1920w, https:\/\/garnier-industries.com\/wp-content\/uploads\/2026\/01\/20260128_152831-225x300.jpg 225w, https:\/\/garnier-industries.com\/wp-content\/uploads\/2026\/01\/20260128_152831-768x1024.jpg 768w, https:\/\/garnier-industries.com\/wp-content\/uploads\/2026\/01\/20260128_152831-1152x1536.jpg 1152w, https:\/\/garnier-industries.com\/wp-content\/uploads\/2026\/01\/20260128_152831-1536x2048.jpg 1536w\" sizes=\"auto, (max-width: 1920px) 100vw, 1920px\" \/><\/figure>\n<\/div>\n<\/div>\n\n\n\n<div class=\"wp-block-columns alignwide is-layout-flex wp-container-core-columns-is-layout-fa584acd wp-block-columns-is-layout-flex\">\n<div class=\"wp-block-column is-vertically-aligned-center is-layout-flow wp-block-column-is-layout-flow\">\n<h2 class=\"wp-block-heading has-xx-large-font-size\">D\u00e9capage et nettoyage inox<\/h2>\n\n\n\n<ul class=\"wp-block-list\">\n<li>1 Machine de d\u00e9capage de soudure par \u00e9lectrolyse Cleanox<\/li>\n\n\n\n<li>1 Karcher 170 bars (eau chaude)<\/li>\n<\/ul>\n\n\n\n<p class=\"has-medium-font-size\"><\/p>\n<\/div>\n\n\n\n<div class=\"wp-block-column is-vertically-aligned-center is-layout-flow wp-block-column-is-layout-flow\">\n<figure class=\"wp-block-image size-full\"><img loading=\"lazy\" decoding=\"async\" width=\"1920\" height=\"2560\" src=\"http:\/\/garnier-industries.com\/wp-content\/uploads\/2026\/01\/20260128_152718-scaled.jpg\" alt=\"\" class=\"wp-image-187\" style=\"aspect-ratio:1;object-fit:cover\" srcset=\"https:\/\/garnier-industries.com\/wp-content\/uploads\/2026\/01\/20260128_152718-scaled.jpg 1920w, https:\/\/garnier-industries.com\/wp-content\/uploads\/2026\/01\/20260128_152718-225x300.jpg 225w, https:\/\/garnier-industries.com\/wp-content\/uploads\/2026\/01\/20260128_152718-768x1024.jpg 768w, https:\/\/garnier-industries.com\/wp-content\/uploads\/2026\/01\/20260128_152718-1152x1536.jpg 1152w, https:\/\/garnier-industries.com\/wp-content\/uploads\/2026\/01\/20260128_152718-1536x2048.jpg 1536w\" sizes=\"auto, (max-width: 1920px) 100vw, 1920px\" \/><\/figure>\n<\/div>\n<\/div>\n\n\n\n<div class=\"wp-block-columns alignwide is-layout-flex wp-container-core-columns-is-layout-fa584acd wp-block-columns-is-layout-flex\">\n<div class=\"wp-block-column is-vertically-aligned-center is-layout-flow wp-block-column-is-layout-flow\">\n<h2 class=\"wp-block-heading has-xx-large-font-size\">Polissage inox<\/h2>\n\n\n\n<ul class=\"wp-block-list\">\n<li>1 Polisseuse \u00e0 flexible vitesse de 500 \u00e0 40 000 Tr\/min<\/li>\n<\/ul>\n\n\n\n<p class=\"has-medium-font-size\"><\/p>\n<\/div>\n\n\n\n<div class=\"wp-block-column is-vertically-aligned-center is-layout-flow wp-block-column-is-layout-flow\">\n<figure class=\"wp-block-image size-full\"><img loading=\"lazy\" decoding=\"async\" width=\"2049\" height=\"1537\" src=\"http:\/\/garnier-industries.com\/wp-content\/uploads\/2026\/01\/Pharmaceutique.jpg\" alt=\"\" class=\"wp-image-94\" style=\"aspect-ratio:1;object-fit:cover\" srcset=\"https:\/\/garnier-industries.com\/wp-content\/uploads\/2026\/01\/Pharmaceutique.jpg 2049w, https:\/\/garnier-industries.com\/wp-content\/uploads\/2026\/01\/Pharmaceutique-300x225.jpg 300w, https:\/\/garnier-industries.com\/wp-content\/uploads\/2026\/01\/Pharmaceutique-1024x768.jpg 1024w, https:\/\/garnier-industries.com\/wp-content\/uploads\/2026\/01\/Pharmaceutique-768x576.jpg 768w, https:\/\/garnier-industries.com\/wp-content\/uploads\/2026\/01\/Pharmaceutique-1536x1152.jpg 1536w\" sizes=\"auto, (max-width: 2049px) 100vw, 2049px\" \/><\/figure>\n<\/div>\n<\/div>\n<\/div>\n","protected":false},"excerpt":{"rendered":"<p>Nos moyens humains pour la chaudronnerie et t\u00f4lerie \u00e0 Entrelacs La soci\u00e9t\u00e9 Garnier \u00e0 Entrelacs intervient \u00e9galement \u00e0 Annecy en Haute-Savoie etGen\u00e8ve en Suisse (CH). Notre \u00e9quipe de professionnels qualifi\u00e9s maitrisent toutes les techniques nous permettant d&rsquo;aboutir \u00e0 des march\u00e9s de plus en plus minutieux, d\u00e9bouchant notamment sur la Suisse Romande, canton deGen\u00e8ve. Nous sommes [&hellip;]<\/p>\n","protected":false},"author":1,"featured_media":0,"parent":0,"menu_order":6,"comment_status":"closed","ping_status":"closed","template":"","meta":{"footnotes":""},"class_list":["post-81","page","type-page","status-publish","hentry"],"_links":{"self":[{"href":"https:\/\/garnier-industries.com\/index.php\/wp-json\/wp\/v2\/pages\/81","targetHints":{"allow":["GET"]}}],"collection":[{"href":"https:\/\/garnier-industries.com\/index.php\/wp-json\/wp\/v2\/pages"}],"about":[{"href":"https:\/\/garnier-industries.com\/index.php\/wp-json\/wp\/v2\/types\/page"}],"author":[{"embeddable":true,"href":"https:\/\/garnier-industries.com\/index.php\/wp-json\/wp\/v2\/users\/1"}],"replies":[{"embeddable":true,"href":"https:\/\/garnier-industries.com\/index.php\/wp-json\/wp\/v2\/comments?post=81"}],"version-history":[{"count":16,"href":"https:\/\/garnier-industries.com\/index.php\/wp-json\/wp\/v2\/pages\/81\/revisions"}],"predecessor-version":[{"id":198,"href":"https:\/\/garnier-industries.com\/index.php\/wp-json\/wp\/v2\/pages\/81\/revisions\/198"}],"wp:attachment":[{"href":"https:\/\/garnier-industries.com\/index.php\/wp-json\/wp\/v2\/media?parent=81"}],"curies":[{"name":"wp","href":"https:\/\/api.w.org\/{rel}","templated":true}]}}