{"id":9,"date":"2026-01-14T15:11:23","date_gmt":"2026-01-14T15:11:23","guid":{"rendered":"https:\/\/garnier-industries.com\/?page_id=9"},"modified":"2026-02-05T07:57:37","modified_gmt":"2026-02-05T07:57:37","slug":"decoupe-laser","status":"publish","type":"page","link":"https:\/\/garnier-industries.com\/index.php\/decoupe-laser\/","title":{"rendered":"DECOUPE LASER"},"content":{"rendered":"\n<div class=\"wp-block-group alignfull has-global-padding is-layout-constrained wp-block-group-is-layout-constrained\">\n<div class=\"wp-block-cover alignfull has-custom-content-position is-position-top-left\" style=\"margin-top:0;margin-bottom:0;padding-top:var(--wp--preset--spacing--50);padding-right:var(--wp--preset--spacing--50);padding-bottom:var(--wp--preset--spacing--50);padding-left:var(--wp--preset--spacing--50);min-height:585px;aspect-ratio:unset;\"><img loading=\"lazy\" decoding=\"async\" width=\"1024\" height=\"768\" class=\"wp-block-cover__image-background wp-image-11 size-large\" alt=\"\" src=\"http:\/\/garnier-industries.com\/wp-content\/uploads\/2026\/01\/Laser-tole-1-1024x768.jpg\" data-object-fit=\"cover\" srcset=\"https:\/\/garnier-industries.com\/wp-content\/uploads\/2026\/01\/Laser-tole-1-1024x768.jpg 1024w, https:\/\/garnier-industries.com\/wp-content\/uploads\/2026\/01\/Laser-tole-1-300x225.jpg 300w, https:\/\/garnier-industries.com\/wp-content\/uploads\/2026\/01\/Laser-tole-1-768x576.jpg 768w, https:\/\/garnier-industries.com\/wp-content\/uploads\/2026\/01\/Laser-tole-1.jpg 1181w\" sizes=\"auto, (max-width: 1024px) 100vw, 1024px\" \/><span aria-hidden=\"true\" class=\"wp-block-cover__background has-background-dim-10 has-background-dim\" style=\"background-color:#696763\"><\/span><div class=\"wp-block-cover__inner-container has-global-padding is-layout-constrained wp-container-core-cover-is-layout-d89aad35 wp-block-cover-is-layout-constrained\">\n<div class=\"wp-block-group has-global-padding is-layout-constrained wp-block-group-is-layout-constrained\">\n<h2 class=\"wp-block-heading\">R\u00e9alisation de d\u00e9coupe laser<br>dans nos locaux \u00e0 Entrelacs<\/h2>\n<\/div>\n\n\n\n<p class=\"has-text-align-left\">L\u2019entreprise Garnier, id\u00e9alement situ\u00e9e sur l&rsquo;axe Grenoble &#8211; Gen\u00e8ve, r\u00e9alise diff\u00e9rents travaux de d\u00e9coupe laser.<br>Pour cela, nous sommes \u00e9quip\u00e9s de 3 machines laser, de la d\u00e9coupe sur t\u00f4le en 2D sur tubes et sur formes en 3D. Nous proposons un service de d\u00e9coupe laser en 2D pour les t\u00f4les \u00e0 plat, mais aussi la d\u00e9coupe laser sur tubes carr\u00e9s, ronds rectangles.<br>Derni\u00e8re venue : la capacit\u00e9 de d\u00e9coupe laser 3D pour des pi\u00e8ces embouties ou d\u00e9j\u00e0 mises en forme avant d\u00e9coupe. Pour toutes demandes d&rsquo;informations suppl\u00e9mentaires sur la t\u00f4lerie ou la chaudronnerie , contactez notre \u00e9quipe.<\/p>\n<\/div><\/div>\n<\/div>\n\n\n\n<div class=\"wp-block-group alignfull is-style-section-5 has-global-padding is-layout-constrained wp-block-group-is-layout-constrained is-style-section-5--1\" style=\"margin-top:0;margin-bottom:0;padding-top:var(--wp--preset--spacing--50);padding-bottom:var(--wp--preset--spacing--50)\">\n<div class=\"wp-block-columns alignwide is-layout-flex wp-container-core-columns-is-layout-7ee84d44 wp-block-columns-is-layout-flex\">\n<div class=\"wp-block-column is-vertically-aligned-center is-style-section-2 is-layout-flow wp-block-column-is-layout-flow is-style-section-2--2\" style=\"flex-basis:50%\">\n<figure class=\"wp-block-image size-full is-style-default\"><img loading=\"lazy\" decoding=\"async\" width=\"1247\" height=\"831\" src=\"https:\/\/garnier-industries.com\/wp-content\/uploads\/2026\/01\/LS5-general-carre-edited.jpg\" alt=\"\" class=\"wp-image-20\" style=\"aspect-ratio:1;object-fit:cover\" srcset=\"https:\/\/garnier-industries.com\/wp-content\/uploads\/2026\/01\/LS5-general-carre-edited.jpg 1247w, https:\/\/garnier-industries.com\/wp-content\/uploads\/2026\/01\/LS5-general-carre-edited-300x200.jpg 300w, https:\/\/garnier-industries.com\/wp-content\/uploads\/2026\/01\/LS5-general-carre-edited-1024x682.jpg 1024w, https:\/\/garnier-industries.com\/wp-content\/uploads\/2026\/01\/LS5-general-carre-edited-768x512.jpg 768w\" sizes=\"auto, (max-width: 1247px) 100vw, 1247px\" \/><\/figure>\n<\/div>\n\n\n\n<div class=\"wp-block-column is-vertically-aligned-center is-layout-flow wp-block-column-is-layout-flow\" style=\"flex-basis:50%\">\n<h2 class=\"wp-block-heading\">D\u00e9coupe laser sur t\u00f4les<\/h2>\n\n\n\n<p class=\"has-medium-font-size\"><u><strong>D\u00e9coupe laser t\u00f4le BLM Adige puissance 6000 W<\/strong><\/u> FIBRE<\/p>\n\n\n\n<p class=\"has-medium-font-size\">capacit\u00e9 de coupe acier \/ inox et alu : ep 20mm<\/p>\n\n\n\n<p>changeur de buses et de palette automatique<\/p>\n\n\n\n<p>format 1500 x 3000<\/p>\n\n\n\n<p><\/p>\n<\/div>\n<\/div>\n<\/div>\n\n\n\n<div class=\"wp-block-group alignfull has-global-padding is-layout-constrained wp-block-group-is-layout-constrained\" style=\"margin-top:0;margin-bottom:0\">\n<div class=\"wp-block-group alignwide is-layout-grid wp-container-core-group-is-layout-5fdb10e5 wp-block-group-is-layout-grid\" style=\"padding-top:var(--wp--preset--spacing--50);padding-bottom:var(--wp--preset--spacing--50)\">\n<div class=\"wp-block-group is-vertical is-content-justification-stretch is-nowrap is-layout-flex wp-container-core-group-is-layout-627337ab wp-block-group-is-layout-flex\">\n<h2 class=\"wp-block-heading\">D\u00e9coupe laser sur tubes<\/h2>\n\n\n\n<div class=\"wp-block-group is-vertical is-content-justification-left is-layout-flex wp-container-core-group-is-layout-dd225191 wp-block-group-is-layout-flex\">\n<p class=\"is-style-text-subtitle is-style-text-subtitle--3\"><strong><u>D\u00e9coupe laser Tube BLM Adige 3000 W<\/u><\/strong> FIBRE <\/p>\n\n\n\n<p>chargeur automatique 6 m\u00e8tres<\/p>\n\n\n\n<p>Section de \u00d8 12 \u00e0 150 mm<\/p>\n\n\n\n<p>section rond, carr\u00e9, rectangle, corni\u00e8re et aussi diff\u00e9rents profils.<\/p>\n\n\n\n<p>T\u00eate de d\u00e9coupe 3D pour coupe incis\u00e9e et chanfrein ( maxi 45\u00b0 )<\/p>\n<\/div>\n\n\n\n<figure class=\"wp-block-image size-full\"><img loading=\"lazy\" decoding=\"async\" width=\"1920\" height=\"2560\" src=\"https:\/\/garnier-industries.com\/wp-content\/uploads\/2026\/01\/Helice-en-Laser-tube-scaled.jpg\" alt=\"\" class=\"wp-image-22\" style=\"aspect-ratio:16\/9;object-fit:cover\" srcset=\"https:\/\/garnier-industries.com\/wp-content\/uploads\/2026\/01\/Helice-en-Laser-tube-scaled.jpg 1920w, https:\/\/garnier-industries.com\/wp-content\/uploads\/2026\/01\/Helice-en-Laser-tube-225x300.jpg 225w, https:\/\/garnier-industries.com\/wp-content\/uploads\/2026\/01\/Helice-en-Laser-tube-768x1024.jpg 768w, https:\/\/garnier-industries.com\/wp-content\/uploads\/2026\/01\/Helice-en-Laser-tube-1152x1536.jpg 1152w, https:\/\/garnier-industries.com\/wp-content\/uploads\/2026\/01\/Helice-en-Laser-tube-1536x2048.jpg 1536w\" sizes=\"auto, (max-width: 1920px) 100vw, 1920px\" \/><\/figure>\n<\/div>\n\n\n\n<figure class=\"wp-block-image size-full\"><img loading=\"lazy\" decoding=\"async\" width=\"1772\" height=\"1329\" src=\"https:\/\/garnier-industries.com\/wp-content\/uploads\/2026\/01\/LT7-tube.jpg\" alt=\"\" class=\"wp-image-21\" style=\"aspect-ratio:3\/4;object-fit:cover\" srcset=\"https:\/\/garnier-industries.com\/wp-content\/uploads\/2026\/01\/LT7-tube.jpg 1772w, https:\/\/garnier-industries.com\/wp-content\/uploads\/2026\/01\/LT7-tube-300x225.jpg 300w, https:\/\/garnier-industries.com\/wp-content\/uploads\/2026\/01\/LT7-tube-1024x768.jpg 1024w, https:\/\/garnier-industries.com\/wp-content\/uploads\/2026\/01\/LT7-tube-768x576.jpg 768w, https:\/\/garnier-industries.com\/wp-content\/uploads\/2026\/01\/LT7-tube-1536x1152.jpg 1536w\" sizes=\"auto, (max-width: 1772px) 100vw, 1772px\" \/><\/figure>\n<\/div>\n<\/div>\n\n\n\n<h2 class=\"wp-block-heading\">D\u00e9coupe laser 3D &#8211; 6 axes &#8211; avec robot manipulateur<\/h2>\n\n\n\n<div class=\"wp-block-media-text alignwide is-stacked-on-mobile\"><figure class=\"wp-block-media-text__media\"><img loading=\"lazy\" decoding=\"async\" width=\"997\" height=\"558\" src=\"http:\/\/garnier-industries.com\/wp-content\/uploads\/2026\/01\/LT360_Format_01.jpg\" alt=\"\" class=\"wp-image-25 size-full\" srcset=\"https:\/\/garnier-industries.com\/wp-content\/uploads\/2026\/01\/LT360_Format_01.jpg 997w, https:\/\/garnier-industries.com\/wp-content\/uploads\/2026\/01\/LT360_Format_01-300x168.jpg 300w, https:\/\/garnier-industries.com\/wp-content\/uploads\/2026\/01\/LT360_Format_01-768x430.jpg 768w\" sizes=\"auto, (max-width: 997px) 100vw, 997px\" \/><\/figure><div class=\"wp-block-media-text__content\">\n<p><strong><strong><u>D\u00e9coupe laser 3D &#8211; BLM &#8211; LT360 puissance 3000W<\/u><\/strong><\/strong> FIBRE  <a href=\"https:\/\/youtu.be\/-4j4k0NruS0\" data-type=\"link\" data-id=\"https:\/\/youtu.be\/-4j4k0NruS0\">https:\/\/youtu.be\/-4j4k0NruS0<\/a><\/p>\n\n\n\n<p>capacit\u00e9 de d\u00e9coupe ep 10 acier, 6 inox.<\/p>\n\n\n\n<p>pour d\u00e9coupe 3D sur pi\u00e8ce d\u00e9j\u00e0 mise en forme. ( fond bomb\u00e9, pi\u00e8ce emboutie, tubes cintr\u00e9s, etc\u2026)<\/p>\n\n\n\n<p>course des axes : 1700 x 1000 x 700 de haut<\/p>\n<\/div><\/div>\n","protected":false},"excerpt":{"rendered":"<p>D\u00e9coupe laser sur t\u00f4les D\u00e9coupe laser t\u00f4le BLM Adige puissance 6000 W FIBRE capacit\u00e9 de coupe acier \/ inox et alu : ep 20mm changeur de buses et de palette automatique format 1500 x 3000 D\u00e9coupe laser sur tubes D\u00e9coupe laser Tube BLM Adige 3000 W FIBRE chargeur automatique 6 m\u00e8tres Section de \u00d8 12 [&hellip;]<\/p>\n","protected":false},"author":1,"featured_media":0,"parent":0,"menu_order":4,"comment_status":"closed","ping_status":"closed","template":"","meta":{"footnotes":""},"class_list":["post-9","page","type-page","status-publish","hentry"],"_links":{"self":[{"href":"https:\/\/garnier-industries.com\/index.php\/wp-json\/wp\/v2\/pages\/9","targetHints":{"allow":["GET"]}}],"collection":[{"href":"https:\/\/garnier-industries.com\/index.php\/wp-json\/wp\/v2\/pages"}],"about":[{"href":"https:\/\/garnier-industries.com\/index.php\/wp-json\/wp\/v2\/types\/page"}],"author":[{"embeddable":true,"href":"https:\/\/garnier-industries.com\/index.php\/wp-json\/wp\/v2\/users\/1"}],"replies":[{"embeddable":true,"href":"https:\/\/garnier-industries.com\/index.php\/wp-json\/wp\/v2\/comments?post=9"}],"version-history":[{"count":10,"href":"https:\/\/garnier-industries.com\/index.php\/wp-json\/wp\/v2\/pages\/9\/revisions"}],"predecessor-version":[{"id":200,"href":"https:\/\/garnier-industries.com\/index.php\/wp-json\/wp\/v2\/pages\/9\/revisions\/200"}],"wp:attachment":[{"href":"https:\/\/garnier-industries.com\/index.php\/wp-json\/wp\/v2\/media?parent=9"}],"curies":[{"name":"wp","href":"https:\/\/api.w.org\/{rel}","templated":true}]}}